{"id":2772,"date":"2024-06-21T16:17:42","date_gmt":"2024-06-21T16:17:42","guid":{"rendered":"https:\/\/tuktukfuntours.pt\/os-nossos-veiculos\/"},"modified":"2024-07-12T10:08:53","modified_gmt":"2024-07-12T10:08:53","slug":"os-nossos-veiculos","status":"publish","type":"page","link":"https:\/\/tuktukfuntours.pt\/pt-pt\/os-nossos-veiculos\/","title":{"rendered":"Os nossos Ve\u00edculos"},"content":{"rendered":"\t\t<div data-elementor-type=\"wp-page\" data-elementor-id=\"2772\" class=\"elementor elementor-2772 elementor-1668\" data-elementor-post-type=\"page\">\n\t\t\t\t<div class=\"elementor-element elementor-element-7845664 e-con-full e-flex e-con e-parent\" data-id=\"7845664\" data-element_type=\"container\" data-e-type=\"container\" data-settings=\"{&quot;background_background&quot;:&quot;classic&quot;}\">\n\t\t<div class=\"elementor-element elementor-element-ff25aa9 e-flex e-con-boxed e-con e-child\" data-id=\"ff25aa9\" data-element_type=\"container\" data-e-type=\"container\">\n\t\t\t\t\t<div class=\"e-con-inner\">\n\t\t<div class=\"elementor-element elementor-element-4e3b239 e-con-full animated-fast e-flex elementor-invisible e-con e-child\" data-id=\"4e3b239\" data-element_type=\"container\" data-e-type=\"container\" data-settings=\"{&quot;animation&quot;:&quot;slideInLeft&quot;}\">\n\t\t\t\t<div class=\"elementor-element elementor-element-b37a5ab elementor-widget__width-inherit elementor-widget elementor-widget-image-carousel\" data-id=\"b37a5ab\" data-element_type=\"widget\" data-e-type=\"widget\" data-settings=\"{&quot;slides_to_show&quot;:&quot;1&quot;,&quot;navigation&quot;:&quot;none&quot;,&quot;autoplay&quot;:&quot;yes&quot;,&quot;autoplay_speed&quot;:5000,&quot;infinite&quot;:&quot;yes&quot;,&quot;effect&quot;:&quot;slide&quot;,&quot;speed&quot;:500}\" data-widget_type=\"image-carousel.default\">\n\t\t\t\t<div class=\"elementor-widget-container\">\n\t\t\t\t\t\t\t<div class=\"elementor-image-carousel-wrapper swiper\" role=\"region\" aria-roledescription=\"carousel\" aria-label=\"Carrossel de imagens\" dir=\"ltr\">\n\t\t\t<div class=\"elementor-image-carousel swiper-wrapper swiper-image-stretch\" aria-live=\"off\">\n\t\t\t\t\t\t\t\t<div class=\"swiper-slide\" role=\"group\" aria-roledescription=\"slide\" aria-label=\"1 of 3\"><figure class=\"swiper-slide-inner\"><img decoding=\"async\" class=\"swiper-slide-image\" src=\"https:\/\/tuktukfuntours.pt\/wp-content\/uploads\/2024\/07\/2016-05-18-19.23.26-e1720547029118.jpg\" alt=\"Tuk Tuk Fun Tours - Lisbon Tour Operator\" \/><\/figure><\/div><div class=\"swiper-slide\" role=\"group\" aria-roledescription=\"slide\" aria-label=\"2 of 3\"><figure class=\"swiper-slide-inner\"><img decoding=\"async\" class=\"swiper-slide-image\" src=\"https:\/\/tuktukfuntours.pt\/wp-content\/uploads\/2024\/07\/JGR0797.jpg\" alt=\"Tuk Tuk Fun Tours - Lisbon Tour Operator\" \/><\/figure><\/div><div class=\"swiper-slide\" role=\"group\" aria-roledescription=\"slide\" aria-label=\"3 of 3\"><figure class=\"swiper-slide-inner\"><img decoding=\"async\" class=\"swiper-slide-image\" src=\"https:\/\/tuktukfuntours.pt\/wp-content\/uploads\/2024\/07\/20170715_155656.jpg\" alt=\"Tuk Tuk Fun Tours - Lisbon Tour Operator\" \/><\/figure><\/div>\t\t\t<\/div>\n\t\t\t\t\t\t\t\n\t\t\t\t\t\t\t\t\t<\/div>\n\t\t\t\t\t\t<\/div>\n\t\t\t\t<\/div>\n\t\t\t\t<\/div>\n\t\t<div class=\"elementor-element elementor-element-2475072 e-con-full e-flex elementor-invisible e-con e-child\" data-id=\"2475072\" data-element_type=\"container\" data-e-type=\"container\" data-settings=\"{&quot;animation&quot;:&quot;fadeIn&quot;,&quot;animation_delay&quot;:500,&quot;background_background&quot;:&quot;classic&quot;}\">\n\t\t\t\t<div class=\"elementor-element elementor-element-26a06e9 elementor-widget elementor-widget-heading\" data-id=\"26a06e9\" data-element_type=\"widget\" data-e-type=\"widget\" data-widget_type=\"heading.default\">\n\t\t\t\t<div class=\"elementor-widget-container\">\n\t\t\t\t\t<h2 class=\"elementor-heading-title elementor-size-default\">Os nossos Ve\u00edculos<\/h2>\t\t\t\t<\/div>\n\t\t\t\t<\/div>\n\t\t\t\t<div class=\"elementor-element elementor-element-585078b elementor-widget elementor-widget-heading\" data-id=\"585078b\" data-element_type=\"widget\" data-e-type=\"widget\" data-widget_type=\"heading.default\">\n\t\t\t\t<div class=\"elementor-widget-container\">\n\t\t\t\t\t<h2 class=\"elementor-heading-title elementor-size-default\">Agilidade e eleg\u00e2ncia<\/h2>\t\t\t\t<\/div>\n\t\t\t\t<\/div>\n\t\t\t\t<div class=\"elementor-element elementor-element-bb5dd98 elementor-widget elementor-widget-text-editor\" data-id=\"bb5dd98\" data-element_type=\"widget\" data-e-type=\"widget\" data-widget_type=\"text-editor.default\">\n\t\t\t\t<div class=\"elementor-widget-container\">\n\t\t\t\t\t\t\t\t\t<p>A Tuk-Tuk Fun Tours \u00e9 uma empresa portuguesa ligada ao setor do turismo, que realiza circuitos tur\u00edsticos de tuk tuk na regi\u00e3o de Lisboa. Consideramos que a nossa cidade \u00e9 uma das mais bonitas do mundo. Conhecemos e amamos cada um dos seus recantos e, com todo o nosso empenho, saber e entusiasmo, desejamos d\u00e1-la a conhecer atrav\u00e9s de passeios de tuk tuk a quem nos visita.<\/p>\n<p>Estes passeios s\u00e3o para si que quer descobrir locais emblem\u00e1ticos da cidade, paisagens surpreendentes, bairros tradicionais e tantos outros tesouros culturais. Sempre com um acompanhamento personalizado por parte dos nossos guias, que s\u00e3o profissionais experientes nesta \u00e1rea, e a bordo de um ve\u00edculo que o surpreender\u00e1. Pela sua agilidade e dimens\u00e3o, este meio de transporte \u00e9 a solu\u00e7\u00e3o ideal para o levar a visitar Lisboa. Mantendo todo o conforto e seguran\u00e7a aliados a uma proximidade com o meio envolvente, esta viatura permitir-lhe-\u00e1 explorar e entrar no ritmo da cidade de uma forma vibrante, divertida e, simultaneamente, \u00edntima e pessoal.<\/p>\n<p>O que lhe propomos \u00e9 que se deixe levar numa experi\u00eancia \u00fanica e inesquec\u00edvel.<br \/>\n<strong><br \/>\nVenha passear e divertir-se connosco!<\/strong><\/p>\n\t\t\t\t\t\t\t\t<\/div>\n\t\t\t\t<\/div>\n\t\t\t\t<\/div>\n\t\t\t\t\t<\/div>\n\t\t\t\t<\/div>\n\t\t\t\t<\/div>\n\t\t<div class=\"elementor-element elementor-element-67930d9 e-flex e-con-boxed e-con e-parent\" data-id=\"67930d9\" data-element_type=\"container\" data-e-type=\"container\" data-settings=\"{&quot;background_background&quot;:&quot;classic&quot;}\">\n\t\t\t\t\t<div class=\"e-con-inner\">\n\t\t<div class=\"elementor-element elementor-element-d3b90a0 e-con-full e-flex elementor-invisible e-con e-child\" data-id=\"d3b90a0\" data-element_type=\"container\" data-e-type=\"container\" data-settings=\"{&quot;animation&quot;:&quot;fadeIn&quot;,&quot;animation_delay&quot;:450}\">\n\t\t\t\t<div class=\"elementor-element elementor-element-ba96a9b elementor-widget elementor-widget-heading\" data-id=\"ba96a9b\" data-element_type=\"widget\" data-e-type=\"widget\" data-widget_type=\"heading.default\">\n\t\t\t\t<div class=\"elementor-widget-container\">\n\t\t\t\t\t<h2 class=\"elementor-heading-title elementor-size-default\">SABIA QUE...<\/h2>\t\t\t\t<\/div>\n\t\t\t\t<\/div>\n\t\t<div class=\"elementor-element elementor-element-08b07cc e-con-full e-flex e-con e-child\" data-id=\"08b07cc\" data-element_type=\"container\" data-e-type=\"container\" data-settings=\"{&quot;background_background&quot;:&quot;classic&quot;}\">\n\t\t\t\t<div class=\"elementor-element elementor-element-56f66fc elementor-widget elementor-widget-text-editor\" data-id=\"56f66fc\" data-element_type=\"widget\" data-e-type=\"widget\" data-widget_type=\"text-editor.default\">\n\t\t\t\t<div class=\"elementor-widget-container\">\n\t\t\t\t\t\t\t\t\t<p>Nos anos 60, era em ve\u00edculos semelhantes aos que s\u00e3o produzidos atualmente, que as estrelas de cinema se deslocavam pelas cidades da costa mediterr\u00e2nica nos seus momentos de lazer?<\/p>\n\t\t\t\t\t\t\t\t<\/div>\n\t\t\t\t<\/div>\n\t\t\t\t<\/div>\n\t\t<div class=\"elementor-element elementor-element-08ceb6a e-con-full e-flex e-con e-child\" data-id=\"08ceb6a\" data-element_type=\"container\" data-e-type=\"container\" data-settings=\"{&quot;background_background&quot;:&quot;classic&quot;}\">\n\t\t\t\t<div class=\"elementor-element elementor-element-cd98172 elementor-widget elementor-widget-text-editor\" data-id=\"cd98172\" data-element_type=\"widget\" data-e-type=\"widget\" data-widget_type=\"text-editor.default\">\n\t\t\t\t<div class=\"elementor-widget-container\">\n\t\t\t\t\t\t\t\t\t<p>Este \u00e9 o \u00fanico meio de transporte com mais de duas rodas que consegue percorrer certas ruas dos bairros hist\u00f3ricos de Lisboa?<\/p>\n\t\t\t\t\t\t\t\t<\/div>\n\t\t\t\t<\/div>\n\t\t\t\t<\/div>\n\t\t\t\t<\/div>\n\t\t\t\t\t<\/div>\n\t\t\t\t<\/div>\n\t\t\t\t<\/div>\n\t\t","protected":false},"excerpt":{"rendered":"<p>SABIA QUE&#8230; Nos anos 60, era em ve\u00edculos semelhantes aos que s\u00e3o produzidos atualmente, que as estrelas de cinema se deslocavam pelas cidades da costa mediterr\u00e2nica nos seus momentos de lazer? Este \u00e9 o \u00fanico meio de transporte com mais de duas rodas que consegue percorrer certas ruas dos bairros hist\u00f3ricos de Lisboa?<\/p>\n","protected":false},"author":1,"featured_media":3604,"parent":0,"menu_order":0,"comment_status":"closed","ping_status":"closed","template":"","meta":{"_acf_changed":false,"footnotes":""},"class_list":["post-2772","page","type-page","status-publish","has-post-thumbnail","hentry"],"acf":[],"_links":{"self":[{"href":"https:\/\/tuktukfuntours.pt\/pt-pt\/wp-json\/wp\/v2\/pages\/2772"}],"collection":[{"href":"https:\/\/tuktukfuntours.pt\/pt-pt\/wp-json\/wp\/v2\/pages"}],"about":[{"href":"https:\/\/tuktukfuntours.pt\/pt-pt\/wp-json\/wp\/v2\/types\/page"}],"author":[{"embeddable":true,"href":"https:\/\/tuktukfuntours.pt\/pt-pt\/wp-json\/wp\/v2\/users\/1"}],"replies":[{"embeddable":true,"href":"https:\/\/tuktukfuntours.pt\/pt-pt\/wp-json\/wp\/v2\/comments?post=2772"}],"version-history":[{"count":43,"href":"https:\/\/tuktukfuntours.pt\/pt-pt\/wp-json\/wp\/v2\/pages\/2772\/revisions"}],"predecessor-version":[{"id":3661,"href":"https:\/\/tuktukfuntours.pt\/pt-pt\/wp-json\/wp\/v2\/pages\/2772\/revisions\/3661"}],"wp:featuredmedia":[{"embeddable":true,"href":"https:\/\/tuktukfuntours.pt\/pt-pt\/wp-json\/wp\/v2\/media\/3604"}],"wp:attachment":[{"href":"https:\/\/tuktukfuntours.pt\/pt-pt\/wp-json\/wp\/v2\/media?parent=2772"}],"curies":[{"name":"wp","href":"https:\/\/api.w.org\/{rel}","templated":true}]}}