{"id":2774,"date":"2024-06-21T10:48:57","date_gmt":"2024-06-21T10:48:57","guid":{"rendered":"https:\/\/tuktukfuntours.pt\/?page_id=2774"},"modified":"2024-07-12T10:10:04","modified_gmt":"2024-07-12T10:10:04","slug":"quem-somos","status":"publish","type":"page","link":"https:\/\/tuktukfuntours.pt\/pt-pt\/quem-somos\/","title":{"rendered":"Quem Somos"},"content":{"rendered":"\t\t<div data-elementor-type=\"wp-page\" data-elementor-id=\"2774\" class=\"elementor elementor-2774 elementor-1576\" data-elementor-post-type=\"page\">\n\t\t\t\t<div class=\"elementor-element elementor-element-34121ed e-con-full e-flex e-con e-parent\" data-id=\"34121ed\" data-element_type=\"container\" data-e-type=\"container\" data-settings=\"{&quot;background_background&quot;:&quot;classic&quot;}\">\n\t\t<div class=\"elementor-element elementor-element-27094d0 e-flex e-con-boxed e-con e-child\" data-id=\"27094d0\" data-element_type=\"container\" data-e-type=\"container\">\n\t\t\t\t\t<div class=\"e-con-inner\">\n\t\t<div class=\"elementor-element elementor-element-7e7d24a e-con-full animated-fast e-flex elementor-invisible e-con e-child\" data-id=\"7e7d24a\" data-element_type=\"container\" data-e-type=\"container\" data-settings=\"{&quot;animation&quot;:&quot;slideInLeft&quot;}\">\n\t\t\t\t<div class=\"elementor-element elementor-element-7ca68c3 elementor-widget__width-inherit elementor-widget elementor-widget-image-carousel\" data-id=\"7ca68c3\" data-element_type=\"widget\" data-e-type=\"widget\" data-settings=\"{&quot;slides_to_show&quot;:&quot;1&quot;,&quot;navigation&quot;:&quot;none&quot;,&quot;autoplay&quot;:&quot;yes&quot;,&quot;autoplay_speed&quot;:5000,&quot;infinite&quot;:&quot;yes&quot;,&quot;effect&quot;:&quot;slide&quot;,&quot;speed&quot;:500}\" data-widget_type=\"image-carousel.default\">\n\t\t\t\t<div class=\"elementor-widget-container\">\n\t\t\t\t\t\t\t<div class=\"elementor-image-carousel-wrapper swiper\" role=\"region\" aria-roledescription=\"carousel\" aria-label=\"Carrossel de imagens\" dir=\"ltr\">\n\t\t\t<div class=\"elementor-image-carousel swiper-wrapper swiper-image-stretch\" aria-live=\"off\">\n\t\t\t\t\t\t\t\t<div class=\"swiper-slide\" role=\"group\" aria-roledescription=\"slide\" aria-label=\"1 of 8\"><figure class=\"swiper-slide-inner\"><img decoding=\"async\" class=\"swiper-slide-image\" src=\"https:\/\/tuktukfuntours.pt\/wp-content\/uploads\/2024\/07\/2016-06-01-19.46.39-e1720440058708.jpg\" alt=\"Tuk Tuk Fun Tours - Lisbon Tour Operator\" \/><\/figure><\/div><div class=\"swiper-slide\" role=\"group\" aria-roledescription=\"slide\" aria-label=\"2 of 8\"><figure class=\"swiper-slide-inner\"><img decoding=\"async\" class=\"swiper-slide-image\" src=\"https:\/\/tuktukfuntours.pt\/wp-content\/uploads\/2024\/07\/20220319_135650-e1720440128247.jpg\" alt=\"Tuk Tuk Fun Tours - Lisbon Tour Operator\" \/><\/figure><\/div><div class=\"swiper-slide\" role=\"group\" aria-roledescription=\"slide\" aria-label=\"3 of 8\"><figure class=\"swiper-slide-inner\"><img decoding=\"async\" class=\"swiper-slide-image\" src=\"https:\/\/tuktukfuntours.pt\/wp-content\/uploads\/2024\/06\/quem_somos_5-e1720442545977.jpg\" alt=\"Tuk Tuk Fun Tours - Lisbon Tour Operator\" \/><\/figure><\/div><div class=\"swiper-slide\" role=\"group\" aria-roledescription=\"slide\" aria-label=\"4 of 8\"><figure class=\"swiper-slide-inner\"><img decoding=\"async\" class=\"swiper-slide-image\" src=\"https:\/\/tuktukfuntours.pt\/wp-content\/uploads\/2024\/07\/20230615_104525-e1720440103467.jpg\" alt=\"20230615_104525\" \/><\/figure><\/div><div class=\"swiper-slide\" role=\"group\" aria-roledescription=\"slide\" aria-label=\"5 of 8\"><figure class=\"swiper-slide-inner\"><img decoding=\"async\" class=\"swiper-slide-image\" src=\"https:\/\/tuktukfuntours.pt\/wp-content\/uploads\/2024\/06\/quem_somos_2-e1720442469613.jpg\" alt=\"Tuk Tuk Fun Tours - Lisbon Tour Operator\" \/><\/figure><\/div><div class=\"swiper-slide\" role=\"group\" aria-roledescription=\"slide\" aria-label=\"6 of 8\"><figure class=\"swiper-slide-inner\"><img decoding=\"async\" class=\"swiper-slide-image\" src=\"https:\/\/tuktukfuntours.pt\/wp-content\/uploads\/2024\/07\/JGR4087-e1720440172442.jpg\" alt=\"Tuk Tuk Fun Tours - Lisbon Tour Operator\" \/><\/figure><\/div><div class=\"swiper-slide\" role=\"group\" aria-roledescription=\"slide\" aria-label=\"7 of 8\"><figure class=\"swiper-slide-inner\"><img decoding=\"async\" class=\"swiper-slide-image\" src=\"https:\/\/tuktukfuntours.pt\/wp-content\/uploads\/2024\/07\/20180609_122649-e1720440147993.jpg\" alt=\"Tuk Tuk Fun Tours - Lisbon Tour Operator\" \/><\/figure><\/div><div class=\"swiper-slide\" role=\"group\" aria-roledescription=\"slide\" aria-label=\"8 of 8\"><figure class=\"swiper-slide-inner\"><img decoding=\"async\" class=\"swiper-slide-image\" src=\"https:\/\/tuktukfuntours.pt\/wp-content\/uploads\/2024\/06\/quem_somos_4-e1720442518389.jpg\" alt=\"Tuk Tuk Fun Tours - Lisbon Tour Operator\" \/><\/figure><\/div>\t\t\t<\/div>\n\t\t\t\t\t\t\t\n\t\t\t\t\t\t\t\t\t<\/div>\n\t\t\t\t\t\t<\/div>\n\t\t\t\t<\/div>\n\t\t\t\t<\/div>\n\t\t<div class=\"elementor-element elementor-element-0fb7c0a e-con-full e-flex elementor-invisible e-con e-child\" data-id=\"0fb7c0a\" data-element_type=\"container\" data-e-type=\"container\" data-settings=\"{&quot;animation&quot;:&quot;fadeIn&quot;,&quot;animation_delay&quot;:500,&quot;background_background&quot;:&quot;classic&quot;}\">\n\t\t\t\t<div class=\"elementor-element elementor-element-3612901 elementor-widget elementor-widget-heading\" data-id=\"3612901\" data-element_type=\"widget\" data-e-type=\"widget\" data-widget_type=\"heading.default\">\n\t\t\t\t<div class=\"elementor-widget-container\">\n\t\t\t\t\t<h2 class=\"elementor-heading-title elementor-size-default\">Quem Somos<\/h2>\t\t\t\t<\/div>\n\t\t\t\t<\/div>\n\t\t\t\t<div class=\"elementor-element elementor-element-b01533e elementor-widget elementor-widget-heading\" data-id=\"b01533e\" data-element_type=\"widget\" data-e-type=\"widget\" data-widget_type=\"heading.default\">\n\t\t\t\t<div class=\"elementor-widget-container\">\n\t\t\t\t\t<h2 class=\"elementor-heading-title elementor-size-default\">...e o que fazemos<\/h2>\t\t\t\t<\/div>\n\t\t\t\t<\/div>\n\t\t\t\t<div class=\"elementor-element elementor-element-90a6629 elementor-widget elementor-widget-text-editor\" data-id=\"90a6629\" data-element_type=\"widget\" data-e-type=\"widget\" data-widget_type=\"text-editor.default\">\n\t\t\t\t<div class=\"elementor-widget-container\">\n\t\t\t\t\t\t\t\t\t<p>A Tuk-Tuk Fun Tours \u00e9 uma empresa portuguesa ligada ao setor do turismo, que realiza circuitos tur\u00edsticos de tuk tuk na regi\u00e3o de Lisboa. Consideramos que a nossa cidade \u00e9 uma das mais bonitas do mundo. Conhecemos e amamos cada um dos seus recantos e, com todo o nosso empenho, saber e entusiasmo, desejamos d\u00e1-la a conhecer atrav\u00e9s de passeios de tuk tuk a quem nos visita.<\/p>\n<p>Estes passeios s\u00e3o para si que quer descobrir locais emblem\u00e1ticos da cidade, paisagens surpreendentes, bairros tradicionais e tantos outros tesouros culturais. Sempre com um acompanhamento personalizado por parte dos nossos guias, que s\u00e3o profissionais experientes nesta \u00e1rea, e a bordo de um ve\u00edculo que o surpreender\u00e1. Pela sua agilidade e dimens\u00e3o, este meio de transporte \u00e9 a solu\u00e7\u00e3o ideal para o levar a visitar Lisboa. Mantendo todo o conforto e seguran\u00e7a aliados a uma proximidade com o meio envolvente, esta viatura permitir-lhe-\u00e1 explorar e entrar no ritmo da cidade de uma forma vibrante, divertida e, simultaneamente, \u00edntima e pessoal.<\/p>\n<p>O que lhe propomos \u00e9 que se deixe levar numa experi\u00eancia \u00fanica e inesquec\u00edvel.<br \/>\n<strong><br \/>\nVenha passear e divertir-se connosco!<\/strong><\/p>\n\t\t\t\t\t\t\t\t<\/div>\n\t\t\t\t<\/div>\n\t\t\t\t<\/div>\n\t\t\t\t\t<\/div>\n\t\t\t\t<\/div>\n\t\t\t\t<\/div>\n\t\t\t\t<\/div>\n\t\t","protected":false},"excerpt":{"rendered":"","protected":false},"author":1,"featured_media":3493,"parent":0,"menu_order":0,"comment_status":"closed","ping_status":"closed","template":"","meta":{"_acf_changed":false,"footnotes":""},"class_list":["post-2774","page","type-page","status-publish","has-post-thumbnail","hentry"],"acf":[],"_links":{"self":[{"href":"https:\/\/tuktukfuntours.pt\/pt-pt\/wp-json\/wp\/v2\/pages\/2774"}],"collection":[{"href":"https:\/\/tuktukfuntours.pt\/pt-pt\/wp-json\/wp\/v2\/pages"}],"about":[{"href":"https:\/\/tuktukfuntours.pt\/pt-pt\/wp-json\/wp\/v2\/types\/page"}],"author":[{"embeddable":true,"href":"https:\/\/tuktukfuntours.pt\/pt-pt\/wp-json\/wp\/v2\/users\/1"}],"replies":[{"embeddable":true,"href":"https:\/\/tuktukfuntours.pt\/pt-pt\/wp-json\/wp\/v2\/comments?post=2774"}],"version-history":[{"count":64,"href":"https:\/\/tuktukfuntours.pt\/pt-pt\/wp-json\/wp\/v2\/pages\/2774\/revisions"}],"predecessor-version":[{"id":3643,"href":"https:\/\/tuktukfuntours.pt\/pt-pt\/wp-json\/wp\/v2\/pages\/2774\/revisions\/3643"}],"wp:featuredmedia":[{"embeddable":true,"href":"https:\/\/tuktukfuntours.pt\/pt-pt\/wp-json\/wp\/v2\/media\/3493"}],"wp:attachment":[{"href":"https:\/\/tuktukfuntours.pt\/pt-pt\/wp-json\/wp\/v2\/media?parent=2774"}],"curies":[{"name":"wp","href":"https:\/\/api.w.org\/{rel}","templated":true}]}}